{"id":2688,"date":"2013-07-14T11:17:25","date_gmt":"2013-07-14T09:17:25","guid":{"rendered":"https:\/\/www.nicolas-radulescu.com\/impressum\/"},"modified":"2020-02-10T19:54:33","modified_gmt":"2020-02-10T18:54:33","slug":"imprint","status":"publish","type":"page","link":"https:\/\/www.nicolasradulescu.at\/en\/imprint\/","title":{"rendered":"Imprint"},"content":{"rendered":"\t\t<div data-elementor-type=\"wp-post\" data-elementor-id=\"2688\" class=\"elementor elementor-2688 elementor-175\">\n\t\t\t\t\t\t<section class=\"elementor-section elementor-top-section elementor-element elementor-element-794534d elementor-section-boxed elementor-section-height-default elementor-section-height-default\" data-id=\"794534d\" data-element_type=\"section\" data-e-type=\"section\">\n\t\t\t\t\t\t<div class=\"elementor-container elementor-column-gap-default\">\n\t\t\t\t\t<div class=\"aux-parallax-section elementor-column elementor-col-100 elementor-top-column elementor-element elementor-element-4d32b33b\" data-id=\"4d32b33b\" data-element_type=\"column\" data-e-type=\"column\">\n\t\t\t<div class=\"elementor-widget-wrap elementor-element-populated\">\n\t\t\t\t\t\t<div class=\"elementor-element elementor-element-3e179f15 elementor-invisible elementor-widget elementor-widget-text-editor\" data-id=\"3e179f15\" data-element_type=\"widget\" data-e-type=\"widget\" data-settings=\"{&quot;_animation&quot;:&quot;zoomIn&quot;}\" data-widget_type=\"text-editor.default\">\n\t\t\t\t<div class=\"elementor-widget-container\">\n\t\t\t\t\t\t\t\t\t<h2>Imprint<\/h2><p><p>Nicolas Radulescu<br \/>4362 Bad Kreuzen<br \/>Austria<br \/>Email: <a href=\"mailto:\"><\/a><br \/>Phone: <\/p>\n<p>Responsible for content: Mag. art. Nicolas Radulescu<\/p>\n<\/p><h2>Disclaimer<\/h2><h3>1. Haftungsbeschr\u00e4nkung<\/h3><p>Die Inhalte dieser Website werden mit gr\u00f6\u00dftm\u00f6glicher Sorgfalt erstellt. Der Anbieter \u00fcbernimmt jedoch keine Gew\u00e4hr f\u00fcr die Richtigkeit, Vollst\u00e4ndigkeit und Aktualit\u00e4t der bereitgestellten Inhalte. Die Nutzung der Inhalte der Website erfolgt auf eigene Gefahr des Nutzers. Namentlich gekennzeichnete Beitr\u00e4ge geben die Meinung des jeweiligen Autors und nicht immer die Meinung des Anbieters wieder. Mit der reinen Nutzung der Website des Anbieters kommt keinerlei Vertragsverh\u00e4ltnis zwischen dem Nutzer und dem Anbieter zustande.<\/p><h3>2. Verf\u00fcgbarkeit der Webseite<\/h3><p>Der Anbieter wird sich bem\u00fchen, den Dienst m\u00f6glichst unterbrechungsfrei zum Abruf<br \/>anzubieten. Auch bei aller Sorgfalt k\u00f6nnen aber Ausfallzeiten nicht ausgeschlossen werden.<br \/>Der Anbieter beh\u00e4lt sich das Recht vor, sein Angebot jederzeit zu \u00e4ndern oder einzustellen.<\/p><h3>3. Externe Links<\/h3><p>Diese Website enth\u00e4lt Verkn\u00fcpfungen zu Websites Dritter (\u201eexterne Links\u201c). Diese Websites unterliegen der Haftung der jeweiligen Betreiber. Der Anbieter hat bei der erstmaligen Verkn\u00fcpfung der externen Links die fremden Inhalte daraufhin \u00fcberpr\u00fcft, ob etwaige Rechtsverst\u00f6\u00dfe bestehen. Zu dem Zeitpunkt waren keine Rechtsverst\u00f6\u00dfe ersichtlich. Der Anbieter hat keinerlei Einfluss auf die aktuelle und zuk\u00fcnftige Gestaltung und auf die Inhalte der verkn\u00fcpften Seiten. Das Setzen von externen Links bedeutet nicht, dass sich der Anbieter die hinter dem Verweis oder Link liegenden Inhalte zu Eigen macht. Eine st\u00e4ndige Kontrolle der externen Links ist f\u00fcr den Anbieter ohne konkrete Hinweise auf Rechtsverst\u00f6\u00dfe nicht zumutbar. Bei Kenntnis von Rechtsverst\u00f6\u00dfen werden jedoch derartige externe Links unverz\u00fcglich gel\u00f6scht.<\/p><h3>4. Kein Vertragsverh\u00e4ltnis<\/h3><p>Mit der Nutzung der Datenbanken, Inhalte und der Suchfunktionen des Blogs kommt\u00a0keinerlei Vertragsverh\u00e4ltnis zwischen dem Nutzer und dem Anbieter zustande. Insofern\u00a0ergeben sich auch keinerlei vertragliche oder quasivertragliche Anspr\u00fcche gegen den\u00a0Anbieter.<\/p><p>F\u00fcr den Fall, dass die Nutzung doch zu einem Vertragsverh\u00e4ltnis f\u00fchren sollte, gilt rein\u00a0vorsorglich nachfolgende Haftungsbeschr\u00e4nkung: Der Anbieter haftet f\u00fcr Vorsatz und grobe\u00a0Fahrl\u00e4ssigkeit sowie bei Verletzung einer wesentlichen Vertragspflicht (Kardinalpflicht). Der\u00a0Anbieter haftet unter Begrenzung auf Ersatz des bei Vertragsschluss vorhersehbaren\u00a0vertragstypischen Schadens f\u00fcr solche Sch\u00e4den, die auf einer leicht fahrl\u00e4ssigen Verletzung\u00a0von Kardinalpflichten durch ihn oder eines seiner gesetzlichen Vertreter oder\u00a0Erf\u00fcllungsgehilfen beruhen. Bei leicht fahrl\u00e4ssiger Verletzung von Nebenpflichten, die keine\u00a0Kardinalpflichten sind, haftet der Anbieter nicht. Die Haftung f\u00fcr Sch\u00e4den, die in den\u00a0Schutzbereich einer vom Anbieter gegebenen Garantie oder Zusicherung fallen sowie die\u00a0Haftung f\u00fcr Anspr\u00fcche aufgrund des Produkthaftungsgesetzes und Sch\u00e4den aus der\u00a0Verletzung des Lebens, des K\u00f6rpers oder der Gesundheit bleibt hiervon unber\u00fchrt.<\/p><h3>5. Urheberrechte<\/h3><p>Die auf dieser Website ver\u00f6ffentlichten Inhalte und Werke sind urheberrechtlich gesch\u00fctzt.\u00a0Jede vom \u00f6sterreichischen oder deutschen Urheberrecht nicht zugelassene Verwertung bedarf der vorherigen schriftlichen Zustimmung des Anbieters oder jeweiligen Rechteinhabers. Dies gilt insbesondere f\u00fcr Vervielf\u00e4ltigung, Bearbeitung, \u00dcbersetzung, Einspeicherung, Verarbeitung bzw. Wiedergabe von Inhalten in Datenbanken oder anderen elektronischen Medien und Systemen. Inhalte und Rechte Dritter sind dabei als solche gekennzeichnet. Die unerlaubte Vervielf\u00e4ltigung oder Weitergabe einzelner Inhalte oder kompletter Seiten ist nicht gestattet und strafbar. Lediglich die Herstellung von Kopien und Downloads f\u00fcr den pers\u00f6nlichen, privaten und nicht kommerziellen Gebrauch ist erlaubt.<\/p><p>Links zur Webseite des Anbieters sind jederzeit willkommen und bed\u00fcrfen keiner Zustimmung\u00a0durch den Anbieter der Website.\u00a0Die Darstellung dieser Website in fremden Frames ist nur mit schriftlicher Erlaubnis zul\u00e4ssig.<\/p><h3>6. Datenschutz<\/h3><p>Zu diesem Punkt siehe unsere <a>Datenschutzerkl\u00e4rung<\/a>.<\/p><h3>7. Anwendbares Recht<\/h3><p>Es gilt ausschlie\u00dflich das ma\u00dfgebliche Recht der Republik \u00d6sterreich.<\/p><h3>8. Besondere Nutzungsbedingungen<\/h3><p>Soweit besondere Bedingungen f\u00fcr einzelne Nutzungen dieser Website von den vorgenannten Nummern 1. bis 7. abweichen, wird an entsprechender Stelle ausdr\u00fccklich darauf hingewiesen. In diesem Falle gelten im jeweiligen Einzelfall die besonderen Nutzungsbedingungen.<\/p><p>Quelle: Muster-Disclaimer vom <a href=\"http:\/\/www.juraforum.de\/\">Juraforum.de<\/a>.<\/p>\t\t\t\t\t\t\t\t<\/div>\n\t\t\t\t<\/div>\n\t\t\t\t\t<\/div>\n\t\t<\/div>\n\t\t\t\t\t<\/div>\n\t\t<\/section>\n\t\t\t\t<\/div>\n\t\t","protected":false},"excerpt":{"rendered":"<p>Imprint Disclaimer 1. Haftungsbeschr\u00e4nkung Die Inhalte dieser Website werden mit gr\u00f6\u00dftm\u00f6glicher Sorgfalt erstellt. Der Anbieter \u00fcbernimmt jedoch keine Gew\u00e4hr f\u00fcr die Richtigkeit, Vollst\u00e4ndigkeit und Aktualit\u00e4t der bereitgestellten Inhalte. Die Nutzung der Inhalte der Website erfolgt auf eigene Gefahr des Nutzers. Namentlich gekennzeichnete Beitr\u00e4ge geben die Meinung des jeweiligen Autors und nicht immer die Meinung des [&hellip;]<\/p>\n","protected":false},"author":10,"featured_media":0,"parent":0,"menu_order":0,"comment_status":"closed","ping_status":"open","template":"","meta":{"footnotes":""},"class_list":["post-2688","page","type-page","status-publish","hentry"],"yoast_head":"<!-- This site is optimized with the Yoast SEO plugin v27.1.1 - https:\/\/yoast.com\/product\/yoast-seo-wordpress\/ -->\n<title>Imprint &#8226; Nicolas Radulescu, Conductor<\/title>\n<meta name=\"robots\" content=\"index, follow, max-snippet:-1, max-image-preview:large, max-video-preview:-1\" \/>\n<link rel=\"canonical\" href=\"https:\/\/www.nicolasradulescu.at\/en\/imprint\/\" \/>\n<meta property=\"og:locale\" content=\"en_US\" \/>\n<meta property=\"og:type\" content=\"article\" \/>\n<meta property=\"og:title\" content=\"Imprint &#8226; Nicolas Radulescu, Conductor\" \/>\n<meta property=\"og:description\" content=\"Imprint Disclaimer 1. Haftungsbeschr\u00e4nkung Die Inhalte dieser Website werden mit gr\u00f6\u00dftm\u00f6glicher Sorgfalt erstellt. Der Anbieter \u00fcbernimmt jedoch keine Gew\u00e4hr f\u00fcr die Richtigkeit, Vollst\u00e4ndigkeit und Aktualit\u00e4t der bereitgestellten Inhalte. Die Nutzung der Inhalte der Website erfolgt auf eigene Gefahr des Nutzers. Namentlich gekennzeichnete Beitr\u00e4ge geben die Meinung des jeweiligen Autors und nicht immer die Meinung des [&hellip;]\" \/>\n<meta property=\"og:url\" content=\"https:\/\/www.nicolasradulescu.at\/en\/imprint\/\" \/>\n<meta property=\"og:site_name\" content=\"Nicolas Radulescu, Conductor\" \/>\n<meta property=\"article:modified_time\" content=\"2020-02-10T18:54:33+00:00\" \/>\n<meta property=\"og:image\" content=\"https:\/\/www.nicolasradulescu.at\/wp-content\/uploads\/2016\/12\/portraitslider2.jpg\" \/>\n\t<meta property=\"og:image:width\" content=\"1600\" \/>\n\t<meta property=\"og:image:height\" content=\"550\" \/>\n\t<meta property=\"og:image:type\" content=\"image\/jpeg\" \/>\n<meta name=\"twitter:card\" content=\"summary_large_image\" \/>\n<meta name=\"twitter:label1\" content=\"Est. reading time\" \/>\n\t<meta name=\"twitter:data1\" content=\"3 minutes\" \/>\n<script type=\"application\/ld+json\" class=\"yoast-schema-graph\">{\"@context\":\"https:\/\/schema.org\",\"@graph\":[{\"@type\":\"WebPage\",\"@id\":\"https:\/\/www.nicolasradulescu.at\/en\/imprint\/\",\"url\":\"https:\/\/www.nicolasradulescu.at\/en\/imprint\/\",\"name\":\"Imprint &#8226; Nicolas Radulescu, Conductor\",\"isPartOf\":{\"@id\":\"https:\/\/www.nicolasradulescu.at\/#website\"},\"datePublished\":\"2013-07-14T09:17:25+00:00\",\"dateModified\":\"2020-02-10T18:54:33+00:00\",\"breadcrumb\":{\"@id\":\"https:\/\/www.nicolasradulescu.at\/en\/imprint\/#breadcrumb\"},\"inLanguage\":\"en-US\",\"potentialAction\":[{\"@type\":\"ReadAction\",\"target\":[\"https:\/\/www.nicolasradulescu.at\/en\/imprint\/\"]}]},{\"@type\":\"BreadcrumbList\",\"@id\":\"https:\/\/www.nicolasradulescu.at\/en\/imprint\/#breadcrumb\",\"itemListElement\":[{\"@type\":\"ListItem\",\"position\":1,\"name\":\"Startseite\",\"item\":\"https:\/\/www.nicolasradulescu.at\/en\/\"},{\"@type\":\"ListItem\",\"position\":2,\"name\":\"Imprint\"}]},{\"@type\":\"WebSite\",\"@id\":\"https:\/\/www.nicolasradulescu.at\/#website\",\"url\":\"https:\/\/www.nicolasradulescu.at\/\",\"name\":\"Nicolas Radulescu, Dirigent\",\"description\":\"Website of Nicolas Radulescu\",\"publisher\":{\"@id\":\"https:\/\/www.nicolasradulescu.at\/#\/schema\/person\/947d03d0295f47703dfdbba464f6707c\"},\"potentialAction\":[{\"@type\":\"SearchAction\",\"target\":{\"@type\":\"EntryPoint\",\"urlTemplate\":\"https:\/\/www.nicolasradulescu.at\/?s={search_term_string}\"},\"query-input\":{\"@type\":\"PropertyValueSpecification\",\"valueRequired\":true,\"valueName\":\"search_term_string\"}}],\"inLanguage\":\"en-US\"},{\"@type\":[\"Person\",\"Organization\"],\"@id\":\"https:\/\/www.nicolasradulescu.at\/#\/schema\/person\/947d03d0295f47703dfdbba464f6707c\",\"name\":\"Nicolas Radulescu\",\"image\":{\"@type\":\"ImageObject\",\"inLanguage\":\"en-US\",\"@id\":\"https:\/\/www.nicolasradulescu.at\/#\/schema\/person\/image\/\",\"url\":\"https:\/\/www.nicolasradulescu.at\/wp-content\/uploads\/2016\/12\/portrait4.jpg\",\"contentUrl\":\"https:\/\/www.nicolasradulescu.at\/wp-content\/uploads\/2016\/12\/portrait4.jpg\",\"width\":1600,\"height\":1067,\"caption\":\"Nicolas Radulescu\"},\"logo\":{\"@id\":\"https:\/\/www.nicolasradulescu.at\/#\/schema\/person\/image\/\"},\"sameAs\":[\"https:\/\/www.nicolasradulescu.at\"]}]}<\/script>\n<!-- \/ Yoast SEO plugin. -->","yoast_head_json":{"title":"Imprint &#8226; Nicolas Radulescu, Conductor","robots":{"index":"index","follow":"follow","max-snippet":"max-snippet:-1","max-image-preview":"max-image-preview:large","max-video-preview":"max-video-preview:-1"},"canonical":"https:\/\/www.nicolasradulescu.at\/en\/imprint\/","og_locale":"en_US","og_type":"article","og_title":"Imprint &#8226; Nicolas Radulescu, Conductor","og_description":"Imprint Disclaimer 1. Haftungsbeschr\u00e4nkung Die Inhalte dieser Website werden mit gr\u00f6\u00dftm\u00f6glicher Sorgfalt erstellt. Der Anbieter \u00fcbernimmt jedoch keine Gew\u00e4hr f\u00fcr die Richtigkeit, Vollst\u00e4ndigkeit und Aktualit\u00e4t der bereitgestellten Inhalte. Die Nutzung der Inhalte der Website erfolgt auf eigene Gefahr des Nutzers. Namentlich gekennzeichnete Beitr\u00e4ge geben die Meinung des jeweiligen Autors und nicht immer die Meinung des [&hellip;]","og_url":"https:\/\/www.nicolasradulescu.at\/en\/imprint\/","og_site_name":"Nicolas Radulescu, Conductor","article_modified_time":"2020-02-10T18:54:33+00:00","og_image":[{"width":1600,"height":550,"url":"https:\/\/www.nicolasradulescu.at\/wp-content\/uploads\/2016\/12\/portraitslider2.jpg","type":"image\/jpeg"}],"twitter_card":"summary_large_image","twitter_misc":{"Est. reading time":"3 minutes"},"schema":{"@context":"https:\/\/schema.org","@graph":[{"@type":"WebPage","@id":"https:\/\/www.nicolasradulescu.at\/en\/imprint\/","url":"https:\/\/www.nicolasradulescu.at\/en\/imprint\/","name":"Imprint &#8226; Nicolas Radulescu, Conductor","isPartOf":{"@id":"https:\/\/www.nicolasradulescu.at\/#website"},"datePublished":"2013-07-14T09:17:25+00:00","dateModified":"2020-02-10T18:54:33+00:00","breadcrumb":{"@id":"https:\/\/www.nicolasradulescu.at\/en\/imprint\/#breadcrumb"},"inLanguage":"en-US","potentialAction":[{"@type":"ReadAction","target":["https:\/\/www.nicolasradulescu.at\/en\/imprint\/"]}]},{"@type":"BreadcrumbList","@id":"https:\/\/www.nicolasradulescu.at\/en\/imprint\/#breadcrumb","itemListElement":[{"@type":"ListItem","position":1,"name":"Startseite","item":"https:\/\/www.nicolasradulescu.at\/en\/"},{"@type":"ListItem","position":2,"name":"Imprint"}]},{"@type":"WebSite","@id":"https:\/\/www.nicolasradulescu.at\/#website","url":"https:\/\/www.nicolasradulescu.at\/","name":"Nicolas Radulescu, Dirigent","description":"Website of Nicolas Radulescu","publisher":{"@id":"https:\/\/www.nicolasradulescu.at\/#\/schema\/person\/947d03d0295f47703dfdbba464f6707c"},"potentialAction":[{"@type":"SearchAction","target":{"@type":"EntryPoint","urlTemplate":"https:\/\/www.nicolasradulescu.at\/?s={search_term_string}"},"query-input":{"@type":"PropertyValueSpecification","valueRequired":true,"valueName":"search_term_string"}}],"inLanguage":"en-US"},{"@type":["Person","Organization"],"@id":"https:\/\/www.nicolasradulescu.at\/#\/schema\/person\/947d03d0295f47703dfdbba464f6707c","name":"Nicolas Radulescu","image":{"@type":"ImageObject","inLanguage":"en-US","@id":"https:\/\/www.nicolasradulescu.at\/#\/schema\/person\/image\/","url":"https:\/\/www.nicolasradulescu.at\/wp-content\/uploads\/2016\/12\/portrait4.jpg","contentUrl":"https:\/\/www.nicolasradulescu.at\/wp-content\/uploads\/2016\/12\/portrait4.jpg","width":1600,"height":1067,"caption":"Nicolas Radulescu"},"logo":{"@id":"https:\/\/www.nicolasradulescu.at\/#\/schema\/person\/image\/"},"sameAs":["https:\/\/www.nicolasradulescu.at"]}]}},"_links":{"self":[{"href":"https:\/\/www.nicolasradulescu.at\/en\/wp-json\/wp\/v2\/pages\/2688","targetHints":{"allow":["GET"]}}],"collection":[{"href":"https:\/\/www.nicolasradulescu.at\/en\/wp-json\/wp\/v2\/pages"}],"about":[{"href":"https:\/\/www.nicolasradulescu.at\/en\/wp-json\/wp\/v2\/types\/page"}],"author":[{"embeddable":true,"href":"https:\/\/www.nicolasradulescu.at\/en\/wp-json\/wp\/v2\/users\/10"}],"replies":[{"embeddable":true,"href":"https:\/\/www.nicolasradulescu.at\/en\/wp-json\/wp\/v2\/comments?post=2688"}],"version-history":[{"count":0,"href":"https:\/\/www.nicolasradulescu.at\/en\/wp-json\/wp\/v2\/pages\/2688\/revisions"}],"wp:attachment":[{"href":"https:\/\/www.nicolasradulescu.at\/en\/wp-json\/wp\/v2\/media?parent=2688"}],"curies":[{"name":"wp","href":"https:\/\/api.w.org\/{rel}","templated":true}]}}